{"id":1881,"date":"2021-05-19T17:36:05","date_gmt":"2021-05-19T17:36:05","guid":{"rendered":"https:\/\/alsbonaberi.org\/?page_id=1881"},"modified":"2021-06-14T11:46:17","modified_gmt":"2021-06-14T11:46:17","slug":"international-school-in-douala-cameroon","status":"publish","type":"page","link":"https:\/\/alsbonaberi.org\/fr\/international-school-in-douala-cameroon\/","title":{"rendered":"Top 10 International School in Douala Cameroon"},"content":{"rendered":"<div data-elementor-type=\"wp-page\" data-elementor-id=\"1881\" class=\"elementor elementor-1881\" data-elementor-settings=\"{&quot;ha_cmc_init_switcher&quot;:&quot;no&quot;}\">\n\t\t\t\t\t\t<section class=\"has_eae_slider elementor-section elementor-top-section elementor-element elementor-element-9d55c63 elementor-section-full_width elementor-section-height-default elementor-section-height-default exad-glass-effect-no wpr-particle-no wpr-jarallax-no wpr-parallax-no wpr-sticky-section-no exad-sticky-section-no\" data-id=\"9d55c63\" data-element_type=\"section\" data-settings=\"{&quot;_ha_eqh_enable&quot;:false}\">\n\t\t\t\t\t\t<div class=\"elementor-container elementor-column-gap-default\">\n\t\t\t\t\t<div class=\"has_eae_slider elementor-column elementor-col-20 elementor-top-column elementor-element elementor-element-1798307 exad-glass-effect-no exad-sticky-section-no\" data-id=\"1798307\" data-element_type=\"column\" data-settings=\"{&quot;background_background&quot;:&quot;classic&quot;}\">\n\t\t\t<div class=\"elementor-widget-wrap\">\n\t\t\t\t\t\t\t<\/div>\n\t\t<\/div>\n\t\t\t\t<div class=\"has_eae_slider elementor-column elementor-col-20 elementor-top-column elementor-element elementor-element-b33ccdb exad-glass-effect-no exad-sticky-section-no\" data-id=\"b33ccdb\" data-element_type=\"column\" data-settings=\"{&quot;background_background&quot;:&quot;classic&quot;}\">\n\t\t\t<div class=\"elementor-widget-wrap\">\n\t\t\t\t\t\t\t<\/div>\n\t\t<\/div>\n\t\t\t\t<div class=\"has_eae_slider elementor-column elementor-col-20 elementor-top-column elementor-element elementor-element-f0718a7 exad-glass-effect-no exad-sticky-section-no\" data-id=\"f0718a7\" data-element_type=\"column\">\n\t\t\t<div class=\"elementor-widget-wrap elementor-element-populated\">\n\t\t\t\t\t\t<div class=\"elementor-element elementor-element-0a63ade eae-pl-img-align-left eae-pl-img-align-left exad-sticky-section-no exad-glass-effect-no elementor-invisible elementor-widget elementor-widget-wts-postlist\" data-id=\"0a63ade\" data-element_type=\"widget\" data-settings=\"{&quot;_animation&quot;:&quot;slideInRight&quot;}\" data-widget_type=\"wts-postlist.default\">\n\t\t\t\t<div class=\"elementor-widget-container\">\n\t\t\t\t\t\t\t\t<div class=\"wts-eae-pl-wrapper\">\n\t\t\t\t\t\t\t\t\t\t<ul>\n\t\t\t\t\t\t\t\t\t\t\t\t\t\t<li>\n\t\t\t\t\t\t\t\t\t\t\t\t\t\t\t\t\t\t\t\t\t\t\t<div class=\"eae-pl-image-wrapper\">\n\t\t\t\t\t\t\t\t\t\t<a href=\"https:\/\/alsbonaberi.org\/fr\/leadership-development\/\" title=\"Le d\u00e9veloppement du leadership dans le syst\u00e8me \u00e9ducatif\">\n\t\t\t\t\t\t\t\t\t\t\t<img fetchpriority=\"high\" decoding=\"async\" width=\"300\" height=\"200\" src=\"https:\/\/alsbonaberi.org\/wp-content\/uploads\/2020\/08\/13161749_191690794557101_3196967228237813669_o-300x200.jpg\" class=\"attachment-medium size-medium wp-post-image\" alt=\"students\" srcset=\"https:\/\/alsbonaberi.org\/wp-content\/uploads\/2020\/08\/13161749_191690794557101_3196967228237813669_o-300x200.jpg 300w, https:\/\/alsbonaberi.org\/wp-content\/uploads\/2020\/08\/13161749_191690794557101_3196967228237813669_o-600x400.jpg 600w, https:\/\/alsbonaberi.org\/wp-content\/uploads\/2020\/08\/13161749_191690794557101_3196967228237813669_o-1024x682.jpg 1024w, https:\/\/alsbonaberi.org\/wp-content\/uploads\/2020\/08\/13161749_191690794557101_3196967228237813669_o-768x512.jpg 768w, https:\/\/alsbonaberi.org\/wp-content\/uploads\/2020\/08\/13161749_191690794557101_3196967228237813669_o.jpg 1325w\" sizes=\"(max-width: 300px) 100vw, 300px\" \/>\t\t\t\t\t\t\t\t\t\t<\/a>\n\t\t\t\t\t\t\t\t\t<\/div>\n\t\t\t\t\t\t\t\t\t\t\t\t\t\t\t\t\t\t<div class=\"eae-pl-content-box-wrapper\">\n\n\t\t\t\t\t\t\t\t\t\t\t\t\t\t\t\t\t\t\t<h3 class=\"eae-pl-title\"><a href=\"https:\/\/alsbonaberi.org\/fr\/leadership-development\/\" title=\"Le d\u00e9veloppement du leadership dans le syst\u00e8me \u00e9ducatif\">Le d\u00e9veloppement du leadership dans le syst\u00e8me \u00e9ducatif<\/a><\/h3>\n\t\t\t\t\t\t\t\t\t\n\t\t\t\t\t\t\t\t\t\t\t\t\t\t\t\t\t\t\t<div class=\"eae-pl-content-box\">\n\t\t\t\t\t\t\t\t\t\t\tLe leadership \u00e9ducatif peut \u00eatre d\u00e9fini comme l'influence sur l'engagement de tout acteur \u00e9ducatif dans une situation de prise de d\u00e9cision dans une organisation dans le but de d\u00e9velopper ou...\t\t\t\t\t\t\t\t\t\t<\/div>\n\t\t\t\t\t\t\t\t\t\n\t\t\t\t\t\t\t\t\t\t\t\t\t\t\t\t\t\t\t<div class=\"eae-pl-readmore\">\n\t\t\t\t\t\t\t\t\t\t\t<a href=\"https:\/\/alsbonaberi.org\/fr\/leadership-development\/\" title=\"Le d\u00e9veloppement du leadership dans le syst\u00e8me \u00e9ducatif\">En savoir plus<\/a>\n\t\t\t\t\t\t\t\t\t\t<\/div>\n\t\t\t\t\t\t\t\t\t\t\t\t\t\t\t\t\t\t<\/div>\n\t\t\t\t\t\t\t\t<\/li>\n\t\t\t\t\t\t\t\t\t\t\t\t\t\t\t<li>\n\t\t\t\t\t\t\t\t\t\t\t\t\t\t\t\t\t\t\t\t\t\t\t<div class=\"eae-pl-image-wrapper\">\n\t\t\t\t\t\t\t\t\t\t<a href=\"https:\/\/alsbonaberi.org\/fr\/technology-in-education\/\" title=\"La technologie dans l&#039;\u00e9ducation\">\n\t\t\t\t\t\t\t\t\t\t\t<img decoding=\"async\" width=\"300\" height=\"225\" src=\"https:\/\/alsbonaberi.org\/wp-content\/uploads\/2021\/05\/arthur-lambillotte-300x225.jpg\" class=\"attachment-medium size-medium wp-post-image\" alt=\"learning with tech\" srcset=\"https:\/\/alsbonaberi.org\/wp-content\/uploads\/2021\/05\/arthur-lambillotte-300x225.jpg 300w, https:\/\/alsbonaberi.org\/wp-content\/uploads\/2021\/05\/arthur-lambillotte-600x450.jpg 600w, https:\/\/alsbonaberi.org\/wp-content\/uploads\/2021\/05\/arthur-lambillotte.jpg 640w\" sizes=\"(max-width: 300px) 100vw, 300px\" \/>\t\t\t\t\t\t\t\t\t\t<\/a>\n\t\t\t\t\t\t\t\t\t<\/div>\n\t\t\t\t\t\t\t\t\t\t\t\t\t\t\t\t\t\t<div class=\"eae-pl-content-box-wrapper\">\n\n\t\t\t\t\t\t\t\t\t\t\t\t\t\t\t\t\t\t\t<h3 class=\"eae-pl-title\"><a href=\"https:\/\/alsbonaberi.org\/fr\/technology-in-education\/\" title=\"La technologie dans l&#039;\u00e9ducation\">La technologie dans l'\u00e9ducation<\/a><\/h3>\n\t\t\t\t\t\t\t\t\t\n\t\t\t\t\t\t\t\t\t\t\t\t\t\t\t\t\t\t\t<div class=\"eae-pl-content-box\">\n\t\t\t\t\t\t\t\t\t\t\tLe leadership \u00e9ducatif peut \u00eatre d\u00e9fini comme l'influence sur l'engagement de tout acteur \u00e9ducatif dans une situation de prise de d\u00e9cision dans une organisation dans le but de d\u00e9velopper ou de stimuler des connaissances...\t\t\t\t\t\t\t\t\t\t<\/div>\n\t\t\t\t\t\t\t\t\t\n\t\t\t\t\t\t\t\t\t\t\t\t\t\t\t\t\t\t\t<div class=\"eae-pl-readmore\">\n\t\t\t\t\t\t\t\t\t\t\t<a href=\"https:\/\/alsbonaberi.org\/fr\/technology-in-education\/\" title=\"La technologie dans l&#039;\u00e9ducation\">En savoir plus<\/a>\n\t\t\t\t\t\t\t\t\t\t<\/div>\n\t\t\t\t\t\t\t\t\t\t\t\t\t\t\t\t\t\t<\/div>\n\t\t\t\t\t\t\t\t<\/li>\n\t\t\t\t\t\t\t\t\t\t\t\t\t\t\t<li>\n\t\t\t\t\t\t\t\t\t\t\t\t\t\t\t\t\t\t\t\t\t\t\t<div class=\"eae-pl-image-wrapper\">\n\t\t\t\t\t\t\t\t\t\t<a href=\"https:\/\/alsbonaberi.org\/fr\/top-international-school-in-cameroon-boarding-service\/\" title=\"Top International School in Cameroon &#8211; Boarding Service\">\n\t\t\t\t\t\t\t\t\t\t\t<img decoding=\"async\" width=\"300\" height=\"300\" src=\"https:\/\/alsbonaberi.org\/wp-content\/uploads\/2020\/07\/IMG_8568-300x300.jpg\" class=\"attachment-medium size-medium wp-post-image\" alt=\"students\" srcset=\"https:\/\/alsbonaberi.org\/wp-content\/uploads\/2020\/07\/IMG_8568-300x300.jpg 300w, https:\/\/alsbonaberi.org\/wp-content\/uploads\/2020\/07\/IMG_8568-100x100.jpg 100w, https:\/\/alsbonaberi.org\/wp-content\/uploads\/2020\/07\/IMG_8568-600x600.jpg 600w, https:\/\/alsbonaberi.org\/wp-content\/uploads\/2020\/07\/IMG_8568-1024x1024.jpg 1024w, https:\/\/alsbonaberi.org\/wp-content\/uploads\/2020\/07\/IMG_8568-150x150.jpg 150w, https:\/\/alsbonaberi.org\/wp-content\/uploads\/2020\/07\/IMG_8568-768x768.jpg 768w, https:\/\/alsbonaberi.org\/wp-content\/uploads\/2020\/07\/IMG_8568-1536x1536.jpg 1536w, https:\/\/alsbonaberi.org\/wp-content\/uploads\/2020\/07\/IMG_8568-2048x2048.jpg 2048w\" sizes=\"(max-width: 300px) 100vw, 300px\" \/>\t\t\t\t\t\t\t\t\t\t<\/a>\n\t\t\t\t\t\t\t\t\t<\/div>\n\t\t\t\t\t\t\t\t\t\t\t\t\t\t\t\t\t\t<div class=\"eae-pl-content-box-wrapper\">\n\n\t\t\t\t\t\t\t\t\t\t\t\t\t\t\t\t\t\t\t<h3 class=\"eae-pl-title\"><a href=\"https:\/\/alsbonaberi.org\/fr\/top-international-school-in-cameroon-boarding-service\/\" title=\"Top International School in Cameroon &#8211; Boarding Service\">Meilleure \u00e9cole internationale \u00e0 Douala, Cameroun<\/a><\/h3>\n\t\t\t\t\t\t\t\t\t\n\t\t\t\t\t\t\t\t\t\t\t\t\t\t\t\t\t\t\t<div class=\"eae-pl-content-box\">\n\t\t\t\t\t\t\t\t\t\t\tL\u2019\u00e9cole Am\u00e9ricaine de Bonaberi est la seule \u00e9cole internationale de Douala \u00e0 proposer des services de d\u2019internat pour gar\u00e7ons et filles...\t\t\t\t\t\t\t\t\t\t<\/div>\n\t\t\t\t\t\t\t\t\t\n\t\t\t\t\t\t\t\t\t\t\t\t\t\t\t\t\t\t\t<div class=\"eae-pl-readmore\">\n\t\t\t\t\t\t\t\t\t\t\t<a href=\"https:\/\/alsbonaberi.org\/fr\/top-international-school-in-cameroon-boarding-service\/\" title=\"Top International School in Cameroon &#8211; Boarding Service\">En savoir plus<\/a>\n\t\t\t\t\t\t\t\t\t\t<\/div>\n\t\t\t\t\t\t\t\t\t\t\t\t\t\t\t\t\t\t<\/div>\n\t\t\t\t\t\t\t\t<\/li>\n\t\t\t\t\t\t\t\t\t\t\t\t\t\t\t<li>\n\t\t\t\t\t\t\t\t\t\t\t\t\t\t\t\t\t\t\t\t\t\t\t<div class=\"eae-pl-image-wrapper\">\n\t\t\t\t\t\t\t\t\t\t<a href=\"https:\/\/alsbonaberi.org\/fr\/american-school-of-bonaberi\/\" title=\"American School of Bonaberi\">\n\t\t\t\t\t\t\t\t\t\t\t<img loading=\"lazy\" decoding=\"async\" width=\"300\" height=\"131\" src=\"https:\/\/alsbonaberi.org\/wp-content\/uploads\/2020\/07\/Cover-ACE-01-300x131.jpg\" class=\"attachment-medium size-medium wp-post-image\" alt=\"Cover ACE-01\" srcset=\"https:\/\/alsbonaberi.org\/wp-content\/uploads\/2020\/07\/Cover-ACE-01-300x131.jpg 300w, https:\/\/alsbonaberi.org\/wp-content\/uploads\/2020\/07\/Cover-ACE-01-scaled-600x263.jpg 600w, https:\/\/alsbonaberi.org\/wp-content\/uploads\/2020\/07\/Cover-ACE-01-1024x448.jpg 1024w, https:\/\/alsbonaberi.org\/wp-content\/uploads\/2020\/07\/Cover-ACE-01-768x336.jpg 768w, https:\/\/alsbonaberi.org\/wp-content\/uploads\/2020\/07\/Cover-ACE-01-1536x672.jpg 1536w, https:\/\/alsbonaberi.org\/wp-content\/uploads\/2020\/07\/Cover-ACE-01-2048x896.jpg 2048w\" sizes=\"(max-width: 300px) 100vw, 300px\" \/>\t\t\t\t\t\t\t\t\t\t<\/a>\n\t\t\t\t\t\t\t\t\t<\/div>\n\t\t\t\t\t\t\t\t\t\t\t\t\t\t\t\t\t\t<div class=\"eae-pl-content-box-wrapper\">\n\n\t\t\t\t\t\t\t\t\t\t\t\t\t\t\t\t\t\t\t<h3 class=\"eae-pl-title\"><a href=\"https:\/\/alsbonaberi.org\/fr\/american-school-of-bonaberi\/\" title=\"American School of Bonaberi\">American School of Bonaberi<\/a><\/h3>\n\t\t\t\t\t\t\t\t\t\n\t\t\t\t\t\t\t\t\t\t\t\t\t\t\t\t\t\t\t<div class=\"eae-pl-content-box\">\n\t\t\t\t\t\t\t\t\t\t\t\u00a0\n\nA school which grooms academically competent, culturally proud African and World leaders which was created in 1998. \n\n\u00a0\n\t\t\n\t\t\t\t\t\n\t\t\t\t\t\tFacebook\n\t\t\t\t\t\t\t\t\t\t\t\n\t\t\t\t\t\n\t\t\t\t\t\tTwitter\n\t\t\t\t\t\t\t\t\t\t\t\n\t\t\t\t\t\n\t\t\t\t\t\tYoutube\t\t\t\t\t\t\t\t\t\t<\/div>\n\t\t\t\t\t\t\t\t\t\n\t\t\t\t\t\t\t\t\t\t\t\t\t\t\t\t\t\t\t<div class=\"eae-pl-readmore\">\n\t\t\t\t\t\t\t\t\t\t\t<a href=\"https:\/\/alsbonaberi.org\/fr\/american-school-of-bonaberi\/\" title=\"American School of Bonaberi\">En savoir plus<\/a>\n\t\t\t\t\t\t\t\t\t\t<\/div>\n\t\t\t\t\t\t\t\t\t\t\t\t\t\t\t\t\t\t<\/div>\n\t\t\t\t\t\t\t\t<\/li>\n\t\t\t\t\t\t\t\t\t\t\t\t\t<\/ul>\n\t\t\t\t\t\t\t\t\t<\/div>\n\t\t\t\t\t\t<\/div>\n\t\t\t\t<\/div>\n\t\t\t\t\t<\/div>\n\t\t<\/div>\n\t\t\t\t<div class=\"has_eae_slider elementor-column elementor-col-20 elementor-top-column elementor-element elementor-element-467bd7a exad-glass-effect-no exad-sticky-section-no\" data-id=\"467bd7a\" data-element_type=\"column\" data-settings=\"{&quot;background_background&quot;:&quot;classic&quot;}\">\n\t\t\t<div class=\"elementor-widget-wrap\">\n\t\t\t\t\t\t\t<\/div>\n\t\t<\/div>\n\t\t\t\t<div class=\"has_eae_slider elementor-column elementor-col-20 elementor-top-column elementor-element elementor-element-fe3659b exad-glass-effect-no exad-sticky-section-no\" data-id=\"fe3659b\" data-element_type=\"column\" data-settings=\"{&quot;background_background&quot;:&quot;classic&quot;}\">\n\t\t\t<div class=\"elementor-widget-wrap\">\n\t\t\t\t\t\t\t<\/div>\n\t\t<\/div>\n\t\t\t\t\t<\/div>\n\t\t<\/section>\n\t\t\t\t<\/div>","protected":false},"excerpt":{"rendered":"<p>The Development of Leadership in Educational System Educational leadership could be defined as the influence on the commitment of any educational actor in a decision-making situation in an organization with the objective of developing or&#8230; Read More Technology In Education Information and Communication Technologies now occupy a central place in all human activities and has transformed the way people live, work, or socially interact with each other. Read More Top International School in Cameroon &#8211; Boarding Service The American School of Bonaberi is the only international school in Douala offering Boarding services for boys and girls. Read More American School of Bonaberi \u00a0 A school which grooms academically competent, culturally proud African and World leaders which was created in 1998 https:\/\/alsbonaberi.org\/ \u00a0 Facebook Twitter Youtube Read More<\/p>","protected":false},"author":1,"featured_media":0,"parent":0,"menu_order":0,"comment_status":"closed","ping_status":"closed","template":"","meta":{"ocean_post_layout":"","ocean_both_sidebars_style":"","ocean_both_sidebars_content_width":0,"ocean_both_sidebars_sidebars_width":0,"ocean_sidebar":"","ocean_second_sidebar":"","ocean_disable_margins":"enable","ocean_add_body_class":"","ocean_shortcode_before_top_bar":"","ocean_shortcode_after_top_bar":"","ocean_shortcode_before_header":"","ocean_shortcode_after_header":"","ocean_has_shortcode":"","ocean_shortcode_after_title":"","ocean_shortcode_before_footer_widgets":"","ocean_shortcode_after_footer_widgets":"","ocean_shortcode_before_footer_bottom":"","ocean_shortcode_after_footer_bottom":"","ocean_display_top_bar":"default","ocean_display_header":"default","ocean_header_style":"","ocean_center_header_left_menu":"","ocean_custom_header_template":"","ocean_custom_logo":0,"ocean_custom_retina_logo":0,"ocean_custom_logo_max_width":0,"ocean_custom_logo_tablet_max_width":0,"ocean_custom_logo_mobile_max_width":0,"ocean_custom_logo_max_height":0,"ocean_custom_logo_tablet_max_height":0,"ocean_custom_logo_mobile_max_height":0,"ocean_header_custom_menu":"","ocean_menu_typo_font_family":"","ocean_menu_typo_font_subset":"","ocean_menu_typo_font_size":0,"ocean_menu_typo_font_size_tablet":0,"ocean_menu_typo_font_size_mobile":0,"ocean_menu_typo_font_size_unit":"px","ocean_menu_typo_font_weight":"","ocean_menu_typo_font_weight_tablet":"","ocean_menu_typo_font_weight_mobile":"","ocean_menu_typo_transform":"","ocean_menu_typo_transform_tablet":"","ocean_menu_typo_transform_mobile":"","ocean_menu_typo_line_height":0,"ocean_menu_typo_line_height_tablet":0,"ocean_menu_typo_line_height_mobile":0,"ocean_menu_typo_line_height_unit":"","ocean_menu_typo_spacing":0,"ocean_menu_typo_spacing_tablet":0,"ocean_menu_typo_spacing_mobile":0,"ocean_menu_typo_spacing_unit":"","ocean_menu_link_color":"","ocean_menu_link_color_hover":"","ocean_menu_link_color_active":"","ocean_menu_link_background":"","ocean_menu_link_hover_background":"","ocean_menu_link_active_background":"","ocean_menu_social_links_bg":"","ocean_menu_social_hover_links_bg":"","ocean_menu_social_links_color":"","ocean_menu_social_hover_links_color":"","ocean_disable_title":"default","ocean_disable_heading":"default","ocean_post_title":"","ocean_post_subheading":"","ocean_post_title_style":"","ocean_post_title_background_color":"","ocean_post_title_background":0,"ocean_post_title_bg_image_position":"","ocean_post_title_bg_image_attachment":"","ocean_post_title_bg_image_repeat":"","ocean_post_title_bg_image_size":"","ocean_post_title_height":0,"ocean_post_title_bg_overlay":0.5,"ocean_post_title_bg_overlay_color":"","ocean_disable_breadcrumbs":"default","ocean_breadcrumbs_color":"","ocean_breadcrumbs_separator_color":"","ocean_breadcrumbs_links_color":"","ocean_breadcrumbs_links_hover_color":"","ocean_display_footer_widgets":"default","ocean_display_footer_bottom":"default","ocean_custom_footer_template":"","footnotes":""},"class_list":["post-1881","page","type-page","status-publish","hentry","entry","has-media"],"aioseo_notices":[],"_links":{"self":[{"href":"https:\/\/alsbonaberi.org\/fr\/wp-json\/wp\/v2\/pages\/1881","targetHints":{"allow":["GET"]}}],"collection":[{"href":"https:\/\/alsbonaberi.org\/fr\/wp-json\/wp\/v2\/pages"}],"about":[{"href":"https:\/\/alsbonaberi.org\/fr\/wp-json\/wp\/v2\/types\/page"}],"author":[{"embeddable":true,"href":"https:\/\/alsbonaberi.org\/fr\/wp-json\/wp\/v2\/users\/1"}],"replies":[{"embeddable":true,"href":"https:\/\/alsbonaberi.org\/fr\/wp-json\/wp\/v2\/comments?post=1881"}],"version-history":[{"count":38,"href":"https:\/\/alsbonaberi.org\/fr\/wp-json\/wp\/v2\/pages\/1881\/revisions"}],"predecessor-version":[{"id":2003,"href":"https:\/\/alsbonaberi.org\/fr\/wp-json\/wp\/v2\/pages\/1881\/revisions\/2003"}],"wp:attachment":[{"href":"https:\/\/alsbonaberi.org\/fr\/wp-json\/wp\/v2\/media?parent=1881"}],"curies":[{"name":"wp","href":"https:\/\/api.w.org\/{rel}","templated":true}]}}