{"id":36,"date":"2020-07-15T00:51:08","date_gmt":"2020-07-15T00:51:08","guid":{"rendered":"https:\/\/alsbonaberi.org\/?page_id=36"},"modified":"2025-05-12T20:24:27","modified_gmt":"2025-05-12T20:24:27","slug":"academics","status":"publish","type":"page","link":"https:\/\/alsbonaberi.org\/fr\/academics\/","title":{"rendered":"Universitaires"},"content":{"rendered":"<div data-elementor-type=\"wp-page\" data-elementor-id=\"36\" class=\"elementor elementor-36\" data-elementor-settings=\"{&quot;ha_cmc_init_switcher&quot;:&quot;no&quot;}\">\n\t\t\t\t\t\t<section class=\"has_eae_slider elementor-section elementor-top-section elementor-element elementor-element-5850d45b elementor-section-content-middle elementor-section-stretched elementor-section-boxed elementor-section-height-default elementor-section-height-default exad-glass-effect-no wpr-particle-no wpr-jarallax-no wpr-parallax-no wpr-sticky-section-no exad-sticky-section-no\" data-id=\"5850d45b\" data-element_type=\"section\" data-settings=\"{&quot;background_background&quot;:&quot;classic&quot;,&quot;stretch_section&quot;:&quot;section-stretched&quot;,&quot;_ha_eqh_enable&quot;:false}\">\n\t\t\t\t\t\t\t<div class=\"elementor-background-overlay\"><\/div>\n\t\t\t\t\t\t\t<div class=\"elementor-container elementor-column-gap-wider\">\n\t\t\t\t\t<div class=\"has_eae_slider elementor-column elementor-col-100 elementor-top-column elementor-element elementor-element-7b774f9d exad-glass-effect-no exad-sticky-section-no elementor-invisible\" data-id=\"7b774f9d\" data-element_type=\"column\" data-settings=\"{&quot;background_background&quot;:&quot;classic&quot;,&quot;animation&quot;:&quot;fadeIn&quot;,&quot;animation_delay&quot;:300}\">\n\t\t\t<div class=\"elementor-widget-wrap elementor-element-populated\">\n\t\t\t\t\t\t<div class=\"elementor-element elementor-element-143c0a46 exad-sticky-section-no exad-glass-effect-no elementor-invisible elementor-widget elementor-widget-heading\" data-id=\"143c0a46\" data-element_type=\"widget\" data-settings=\"{&quot;_animation&quot;:&quot;fadeIn&quot;,&quot;_animation_delay&quot;:100}\" data-widget_type=\"heading.default\">\n\t\t\t\t<div class=\"elementor-widget-container\">\n\t\t\t\t\t<h2 class=\"elementor-heading-title elementor-size-default\">NOS COUVERTURES D'\u00c9TUDES K-12<\/h2>\t\t\t\t<\/div>\n\t\t\t\t<\/div>\n\t\t\t\t<section class=\"has_eae_slider elementor-section elementor-inner-section elementor-element elementor-element-2a26a836 elementor-section-boxed elementor-section-height-default elementor-section-height-default exad-glass-effect-no wpr-particle-no wpr-jarallax-no wpr-parallax-no wpr-sticky-section-no exad-sticky-section-no\" data-id=\"2a26a836\" data-element_type=\"section\" data-settings=\"{&quot;_ha_eqh_enable&quot;:false}\">\n\t\t\t\t\t\t<div class=\"elementor-container elementor-column-gap-no\">\n\t\t\t\t\t<div class=\"has_eae_slider elementor-column elementor-col-100 elementor-inner-column elementor-element elementor-element-19f0235d exad-glass-effect-no exad-sticky-section-no\" data-id=\"19f0235d\" data-element_type=\"column\">\n\t\t\t<div class=\"elementor-widget-wrap elementor-element-populated\">\n\t\t\t\t\t\t<div class=\"elementor-element elementor-element-3e0497fd exad-sticky-section-no exad-glass-effect-no elementor-widget elementor-widget-text-editor\" data-id=\"3e0497fd\" data-element_type=\"widget\" data-settings=\"{&quot;ha_floating_fx&quot;:&quot;yes&quot;}\" data-widget_type=\"text-editor.default\">\n\t\t\t\t<div class=\"elementor-widget-container\">\n\t\t\t\t\t\t\t\t\t<p>L'\u00e9cole de leadership ACE propose un programme international de base de la maternelle \u00e0 la 12e ann\u00e9e menant \u00e0 un dipl\u00f4me d'\u00e9tudes secondaires am\u00e9ricain ou au dipl\u00f4me international de placement avanc\u00e9. Cependant, en 9e et 10e ann\u00e9e, les \u00e9l\u00e8ves pr\u00e9parent et r\u00e9digent le Certificat g\u00e9n\u00e9ral international d'enseignement secondaire (IGCSE). D'un point de vue acad\u00e9mique, tous les apprenants sont pr\u00eats \u00e0 \u00eatre admis dans les universit\u00e9s les plus comp\u00e9titives du monde.<\/p><p>Outre l'excellence acad\u00e9mique, nous cherchons \u00e9galement \u00e0 inculquer aux enfants la fiert\u00e9 culturelle et les comp\u00e9tences en leadership. Tous les apprenants suivent des cours d'\u00e9tudes classiques africaines et de d\u00e9veloppement du leadership<span style=\"font-size: 17px;\">\u00a0 \u00a0 \u00a0 \u00a0 \u00a0 \u00a0 \u00a0 \u00a0\u00a0<\/span><\/p><p>\u00a0<\/p>\t\t\t\t\t\t\t\t<\/div>\n\t\t\t\t<\/div>\n\t\t\t\t<div class=\"elementor-element elementor-element-915bb37 image-position-column exad-sticky-section-no exad-glass-effect-no elementor-widget elementor-widget-eae-timeline\" data-id=\"915bb37\" data-element_type=\"widget\" data-widget_type=\"eae-timeline.skin2\">\n\t\t\t\t<div class=\"elementor-widget-container\">\n\t\t\t\t\t\t\t<section data-layout=\"center\" data-top-offset=\"200\" class=\"eae-layout-center eae-timeline eae-timeline-alternate-yes eae-tl-center eae-tl-res-style-mobile eae-tl-res-layout-left\">\n\t\t\t<div class=\"eae-timline-progress-bar\">\n\t\t\t\t<div class='eae-pb-inner-line'><\/div>\n\t\t\t<\/div>\n\n\t\t\t\n\t\t\t\t\t\t\t\t\n\t\t\t\t\t\t<div id=\"1cd0995\" class=\"eae-timeline-item elementor-repeater-item-1cd0995 custom-image-style-yes image-position-\">\n\n\t\t\t\t<div class=\"eae-tl-item-meta-wrapper\">\n\t\t\t\t\t\n\t\t\t\t<\/div>\n\n\t\t\t\t<div class=\"eae-tl-icon-wrapper\" id=\"1cd0995\">\n\t\t\t\t\t\t\t\t\t<div class=\"eae-icon eae-icon-item_icon eae-icon-view-stacked eae-icon-shape-circle eae-icon-type-icon\">\n\t\t\t\t\t<div class=\"eae-icon-wrap\">\n\t\t\t\t\t\t\t\t\t\t\t\t\t<i aria-hidden=\"true\" class=\"fas fa-file-pdf\"><\/i>\t\t\t\t\t\t\t\t\t\t\t\t<\/div>\n\t\t\t\t<\/div>\n\t\t\t\t\t\t\t\t<\/div>\n\t\t\t\t<div class=\"eae-tl-content-wrapper\">\n\t\t\t\t\t\t\t\t\t\t\t<a href=\"https:\/\/alsbonaberi.org\/wp-content\/uploads\/2024\/05\/Primary-School-Course-List-ACE-Leadership-Schools-1.pdf\">\n\t\t\t\t\t\t\t\t\t\t\t\t<div class=\"eae-tl-item-content\">\n\t\t\t\t\t\t\t<div class='eae-tl-item-image'><img fetchpriority=\"high\" decoding=\"async\" width=\"768\" height=\"576\" src=\"https:\/\/alsbonaberi.org\/wp-content\/uploads\/2020\/07\/IMG_8811-768x576.jpg\" class=\"attachment-medium_large size-medium_large wp-image-1181\" alt=\"pupil\" srcset=\"https:\/\/alsbonaberi.org\/wp-content\/uploads\/2020\/07\/IMG_8811-768x576.jpg 768w, https:\/\/alsbonaberi.org\/wp-content\/uploads\/2020\/07\/IMG_8811-300x225.jpg 300w, https:\/\/alsbonaberi.org\/wp-content\/uploads\/2020\/07\/IMG_8811-scaled-600x450.jpg 600w, https:\/\/alsbonaberi.org\/wp-content\/uploads\/2020\/07\/IMG_8811-1024x768.jpg 1024w, https:\/\/alsbonaberi.org\/wp-content\/uploads\/2020\/07\/IMG_8811-1536x1152.jpg 1536w, https:\/\/alsbonaberi.org\/wp-content\/uploads\/2020\/07\/IMG_8811-2048x1536.jpg 2048w\" sizes=\"(max-width: 768px) 100vw, 768px\" \/><\/div>\t\t\t\t\t\t\t<div class=\"eae-tl-content\">\n\t\t\t\t\t\t\t\t<div class=\"eae-content-inner\">\n\t\t\t\t\t\t\t\t\t<div class=\"eae-tl-item-meta-wrapper-inner\">\n\t\t\t\t\t\t\t\t\t\t\t\t\t\t\t\t\t\t\t<\/div>\n\t\t\t\t\t\t\t\t\t<h3 class=\"eae-tl-item-title\">LISTE DES COURS DE L'\u00c9COLE PRIMAIRE<\/h3><div class=\"eae-tl-content-innner\"><p>Cliquez ici pour t\u00e9l\u00e9charger<\/p><\/div>\t\t\t\t\t\t\t\t<\/div>\n\t\t\t\t\t\t\t<\/div>\n\t\t\t\t\t\t<\/div>\n\t\t\t\t\t\t<\/a>\t\t\t\t<\/div>\n\n\t\t\t<\/div>\n\t\t\t\t\t\t\t\t\n\t\t\t\t\t\t<div id=\"c2a7bc9\" class=\"eae-timeline-item elementor-repeater-item-c2a7bc9 custom-image-style-yes image-position-\">\n\n\t\t\t\t<div class=\"eae-tl-item-meta-wrapper\">\n\t\t\t\t\t\n\t\t\t\t<\/div>\n\n\t\t\t\t<div class=\"eae-tl-icon-wrapper\" id=\"c2a7bc9\">\n\t\t\t\t\t\t\t\t\t<div class=\"eae-icon eae-icon-item_icon eae-icon-view-stacked eae-icon-shape-circle eae-icon-type-icon\">\n\t\t\t\t\t<div class=\"eae-icon-wrap\">\n\t\t\t\t\t\t\t\t\t\t\t\t\t<i aria-hidden=\"true\" class=\"fas fa-file-pdf\"><\/i>\t\t\t\t\t\t\t\t\t\t\t\t<\/div>\n\t\t\t\t<\/div>\n\t\t\t\t\t\t\t\t<\/div>\n\t\t\t\t<div class=\"eae-tl-content-wrapper\">\n\t\t\t\t\t\t\t\t\t\t\t<a href=\"https:\/\/alsbonaberi.org\/wp-content\/uploads\/2020\/08\/Middle-and-High-School-Course-Description-Catalog-ACE.pdf\">\n\t\t\t\t\t\t\t\t\t\t\t\t<div class=\"eae-tl-item-content\">\n\t\t\t\t\t\t\t<div class='eae-tl-item-image'><img decoding=\"async\" width=\"768\" height=\"512\" src=\"https:\/\/alsbonaberi.org\/wp-content\/uploads\/2024\/05\/WhatsApp-Image-2024-05-06-at-13.01.12-1-768x512.jpeg\" class=\"attachment-medium_large size-medium_large wp-image-2157\" alt=\"\" srcset=\"https:\/\/alsbonaberi.org\/wp-content\/uploads\/2024\/05\/WhatsApp-Image-2024-05-06-at-13.01.12-1-768x512.jpeg 768w, https:\/\/alsbonaberi.org\/wp-content\/uploads\/2024\/05\/WhatsApp-Image-2024-05-06-at-13.01.12-1-300x200.jpeg 300w, https:\/\/alsbonaberi.org\/wp-content\/uploads\/2024\/05\/WhatsApp-Image-2024-05-06-at-13.01.12-1-1024x683.jpeg 1024w, https:\/\/alsbonaberi.org\/wp-content\/uploads\/2024\/05\/WhatsApp-Image-2024-05-06-at-13.01.12-1.jpeg 1080w\" sizes=\"(max-width: 768px) 100vw, 768px\" \/><\/div>\t\t\t\t\t\t\t<div class=\"eae-tl-content\">\n\t\t\t\t\t\t\t\t<div class=\"eae-content-inner\">\n\t\t\t\t\t\t\t\t\t<div class=\"eae-tl-item-meta-wrapper-inner\">\n\t\t\t\t\t\t\t\t\t\t\t\t\t\t\t\t\t\t\t<\/div>\n\t\t\t\t\t\t\t\t\t<h3 class=\"eae-tl-item-title\">LISTE DES COURS POUR LE COLL\u00c8GE ET LE LYC\u00c9E<\/h3><div class=\"eae-tl-content-innner\"><p>Cliquez ici pour t\u00e9l\u00e9charger<\/p><\/div>\t\t\t\t\t\t\t\t<\/div>\n\t\t\t\t\t\t\t<\/div>\n\t\t\t\t\t\t<\/div>\n\t\t\t\t\t\t<\/a>\t\t\t\t<\/div>\n\n\t\t\t<\/div>\n\t\t\t\t\t\t\t\t\n\t\t\t\t\t\t<div id=\"98a9f88\" class=\"eae-timeline-item elementor-repeater-item-98a9f88 custom-image-style-yes image-position-\">\n\n\t\t\t\t<div class=\"eae-tl-item-meta-wrapper\">\n\t\t\t\t\t\n\t\t\t\t<\/div>\n\n\t\t\t\t<div class=\"eae-tl-icon-wrapper\" id=\"98a9f88\">\n\t\t\t\t\t\t\t\t\t<div class=\"eae-icon eae-icon-item_icon eae-icon-view-stacked eae-icon-shape-circle eae-icon-type-icon\">\n\t\t\t\t\t<div class=\"eae-icon-wrap\">\n\t\t\t\t\t\t\t\t\t\t\t\t\t<i aria-hidden=\"true\" class=\"fas fa-file-pdf\"><\/i>\t\t\t\t\t\t\t\t\t\t\t\t<\/div>\n\t\t\t\t<\/div>\n\t\t\t\t\t\t\t\t<\/div>\n\t\t\t\t<div class=\"eae-tl-content-wrapper\">\n\t\t\t\t\t\t\t\t\t\t\t<a href=\"https:\/\/www.cambridgeinternational.org\/\">\n\t\t\t\t\t\t\t\t\t\t\t\t<div class=\"eae-tl-item-content\">\n\t\t\t\t\t\t\t<div class='eae-tl-item-image'><img decoding=\"async\" width=\"640\" height=\"403\" src=\"https:\/\/alsbonaberi.org\/wp-content\/uploads\/2024\/06\/640px-IGCSE_cover.jpg\" class=\"attachment-medium_large size-medium_large wp-image-3080\" alt=\"\" srcset=\"https:\/\/alsbonaberi.org\/wp-content\/uploads\/2024\/06\/640px-IGCSE_cover.jpg 640w, https:\/\/alsbonaberi.org\/wp-content\/uploads\/2024\/06\/640px-IGCSE_cover-300x189.jpg 300w\" sizes=\"(max-width: 640px) 100vw, 640px\" \/><\/div>\t\t\t\t\t\t\t<div class=\"eae-tl-content\">\n\t\t\t\t\t\t\t\t<div class=\"eae-content-inner\">\n\t\t\t\t\t\t\t\t\t<div class=\"eae-tl-item-meta-wrapper-inner\">\n\t\t\t\t\t\t\t\t\t\t\t\t\t\t\t\t\t\t\t<\/div>\n\t\t\t\t\t\t\t\t\t<h3 class=\"eae-tl-item-title\">IGCSE<\/h3><div class=\"eae-tl-content-innner\"><p class=\"cb-margin-top-8 cb-black1-color\">Nous travaillons avec des \u00e9coles du monde entier pour construire une \u00e9ducation qui fa\u00e7onne la connaissance.<\/p><p>Cliquez sur le lien pour acc\u00e9der<\/p><\/div>\t\t\t\t\t\t\t\t<\/div>\n\t\t\t\t\t\t\t<\/div>\n\t\t\t\t\t\t<\/div>\n\t\t\t\t\t\t<\/a>\t\t\t\t<\/div>\n\n\t\t\t<\/div>\n\t\t\t\t\t\t\t\t\n\t\t\t\t\t\t<div id=\"328d453\" class=\"eae-timeline-item elementor-repeater-item-328d453 custom-image-style-yes image-position-\">\n\n\t\t\t\t<div class=\"eae-tl-item-meta-wrapper\">\n\t\t\t\t\t\n\t\t\t\t<\/div>\n\n\t\t\t\t<div class=\"eae-tl-icon-wrapper\" id=\"328d453\">\n\t\t\t\t\t\t\t\t\t<div class=\"eae-icon eae-icon-item_icon eae-icon-view-stacked eae-icon-shape-circle eae-icon-type-icon\">\n\t\t\t\t\t<div class=\"eae-icon-wrap\">\n\t\t\t\t\t\t\t\t\t\t\t\t\t<i aria-hidden=\"true\" class=\"fas fa-file-pdf\"><\/i>\t\t\t\t\t\t\t\t\t\t\t\t<\/div>\n\t\t\t\t<\/div>\n\t\t\t\t\t\t\t\t<\/div>\n\t\t\t\t<div class=\"eae-tl-content-wrapper\">\n\t\t\t\t\t\t\t\t\t\t\t<a href=\"https:\/\/alsbonaberi.org\/wp-content\/uploads\/2020\/08\/AMERICAN-HIGH-SCHOOL-DIPLOMA.jpg\">\n\t\t\t\t\t\t\t\t\t\t\t\t<div class=\"eae-tl-item-content\">\n\t\t\t\t\t\t\t<div class='eae-tl-item-image'><img loading=\"lazy\" decoding=\"async\" width=\"768\" height=\"1076\" src=\"https:\/\/alsbonaberi.org\/wp-content\/uploads\/2020\/08\/AMERICAN-HIGH-SCHOOL-DIPLOMA-768x1076.jpg\" class=\"attachment-medium_large size-medium_large wp-image-1684\" alt=\"AMERICAN HIGH SCHOOL DIPLOMA\" srcset=\"https:\/\/alsbonaberi.org\/wp-content\/uploads\/2020\/08\/AMERICAN-HIGH-SCHOOL-DIPLOMA-768x1076.jpg 768w, https:\/\/alsbonaberi.org\/wp-content\/uploads\/2020\/08\/AMERICAN-HIGH-SCHOOL-DIPLOMA-600x840.jpg 600w, https:\/\/alsbonaberi.org\/wp-content\/uploads\/2020\/08\/AMERICAN-HIGH-SCHOOL-DIPLOMA-214x300.jpg 214w, https:\/\/alsbonaberi.org\/wp-content\/uploads\/2020\/08\/AMERICAN-HIGH-SCHOOL-DIPLOMA-731x1024.jpg 731w, https:\/\/alsbonaberi.org\/wp-content\/uploads\/2020\/08\/AMERICAN-HIGH-SCHOOL-DIPLOMA.jpg 771w\" sizes=\"(max-width: 768px) 100vw, 768px\" \/><\/div>\t\t\t\t\t\t\t<div class=\"eae-tl-content\">\n\t\t\t\t\t\t\t\t<div class=\"eae-content-inner\">\n\t\t\t\t\t\t\t\t\t<div class=\"eae-tl-item-meta-wrapper-inner\">\n\t\t\t\t\t\t\t\t\t\t\t\t\t\t\t\t\t\t\t<\/div>\n\t\t\t\t\t\t\t\t\t<h3 class=\"eae-tl-item-title\">Exigences du dipl\u00f4me d'\u00e9tudes secondaires am\u00e9ricaines<\/h3><div class=\"eae-tl-content-innner\"><p>Cliquez sur le lien pour t\u00e9l\u00e9charger<\/p><\/div>\t\t\t\t\t\t\t\t<\/div>\n\t\t\t\t\t\t\t<\/div>\n\t\t\t\t\t\t<\/div>\n\t\t\t\t\t\t<\/a>\t\t\t\t<\/div>\n\n\t\t\t<\/div>\n\t\t\t\t\t\t\t\t\n\t\t\t\t\t\t<div id=\"f7eed45\" class=\"eae-timeline-item elementor-repeater-item-f7eed45 custom-image-style-yes image-position-\">\n\n\t\t\t\t<div class=\"eae-tl-item-meta-wrapper\">\n\t\t\t\t\t\n\t\t\t\t<\/div>\n\n\t\t\t\t<div class=\"eae-tl-icon-wrapper\" id=\"f7eed45\">\n\t\t\t\t\t\t\t\t\t<div class=\"eae-icon eae-icon-item_icon eae-icon-view-stacked eae-icon-shape-circle eae-icon-type-icon\">\n\t\t\t\t\t<div class=\"eae-icon-wrap\">\n\t\t\t\t\t\t\t\t\t\t\t\t\t<i aria-hidden=\"true\" class=\"fas fa-file-pdf\"><\/i>\t\t\t\t\t\t\t\t\t\t\t\t<\/div>\n\t\t\t\t<\/div>\n\t\t\t\t\t\t\t\t<\/div>\n\t\t\t\t<div class=\"eae-tl-content-wrapper\">\n\t\t\t\t\t\t\t\t\t\t\t<a href=\"https:\/\/alsbonaberi.org\/wp-content\/uploads\/2024\/05\/Advanced-Graduation-Requirements-High-School-1.pdf\">\n\t\t\t\t\t\t\t\t\t\t\t\t<div class=\"eae-tl-item-content\">\n\t\t\t\t\t\t\t<div class='eae-tl-item-image'><img loading=\"lazy\" decoding=\"async\" width=\"768\" height=\"512\" src=\"https:\/\/alsbonaberi.org\/wp-content\/uploads\/2020\/08\/56790830_819714275088080_135554734139375616_o-768x512.jpg\" class=\"attachment-medium_large size-medium_large wp-image-1434\" alt=\"female leadership2\" srcset=\"https:\/\/alsbonaberi.org\/wp-content\/uploads\/2020\/08\/56790830_819714275088080_135554734139375616_o-768x512.jpg 768w, https:\/\/alsbonaberi.org\/wp-content\/uploads\/2020\/08\/56790830_819714275088080_135554734139375616_o-600x400.jpg 600w, https:\/\/alsbonaberi.org\/wp-content\/uploads\/2020\/08\/56790830_819714275088080_135554734139375616_o-300x200.jpg 300w, https:\/\/alsbonaberi.org\/wp-content\/uploads\/2020\/08\/56790830_819714275088080_135554734139375616_o-1024x682.jpg 1024w, https:\/\/alsbonaberi.org\/wp-content\/uploads\/2020\/08\/56790830_819714275088080_135554734139375616_o.jpg 1536w\" sizes=\"(max-width: 768px) 100vw, 768px\" \/><\/div>\t\t\t\t\t\t\t<div class=\"eae-tl-content\">\n\t\t\t\t\t\t\t\t<div class=\"eae-content-inner\">\n\t\t\t\t\t\t\t\t\t<div class=\"eae-tl-item-meta-wrapper-inner\">\n\t\t\t\t\t\t\t\t\t\t\t\t\t\t\t\t\t\t\t<\/div>\n\t\t\t\t\t\t\t\t\t<h3 class=\"eae-tl-item-title\">Dipl\u00f4me international de placement avanc\u00e9<\/h3><div class=\"eae-tl-content-innner\"><p>Cliquez sur le lien pour acc\u00e9der<\/p><\/div>\t\t\t\t\t\t\t\t<\/div>\n\t\t\t\t\t\t\t<\/div>\n\t\t\t\t\t\t<\/div>\n\t\t\t\t\t\t<\/a>\t\t\t\t<\/div>\n\n\t\t\t<\/div>\n\t\t\t\t\t\t\t\t\n\t\t\t\t\t\t<div id=\"f07f020\" class=\"eae-timeline-item elementor-repeater-item-f07f020 custom-image-style-yes image-position-\">\n\n\t\t\t\t<div class=\"eae-tl-item-meta-wrapper\">\n\t\t\t\t\t\n\t\t\t\t<\/div>\n\n\t\t\t\t<div class=\"eae-tl-icon-wrapper\" id=\"f07f020\">\n\t\t\t\t\t\t\t\t\t<div class=\"eae-icon eae-icon-item_icon eae-icon-view-stacked eae-icon-shape-circle eae-icon-type-icon\">\n\t\t\t\t\t<div class=\"eae-icon-wrap\">\n\t\t\t\t\t\t\t\t\t\t\t\t\t<i aria-hidden=\"true\" class=\"fas fa-file-pdf\"><\/i>\t\t\t\t\t\t\t\t\t\t\t\t<\/div>\n\t\t\t\t<\/div>\n\t\t\t\t\t\t\t\t<\/div>\n\t\t\t\t<div class=\"eae-tl-content-wrapper\">\n\t\t\t\t\t\t\t\t\t\t\t<a href=\"https:\/\/www.cambridgeinternational.org\/programmes-and-qualifications\/cambridge-advanced\/cambridge-international-as-and-a-levels\/\">\n\t\t\t\t\t\t\t\t\t\t\t\t<div class=\"eae-tl-item-content\">\n\t\t\t\t\t\t\t<div class='eae-tl-item-image'><img loading=\"lazy\" decoding=\"async\" width=\"768\" height=\"293\" src=\"https:\/\/alsbonaberi.org\/wp-content\/uploads\/2024\/06\/alevels-logo1-768x293.webp\" class=\"attachment-medium_large size-medium_large wp-image-3082\" alt=\"\" srcset=\"https:\/\/alsbonaberi.org\/wp-content\/uploads\/2024\/06\/alevels-logo1-768x293.webp 768w, https:\/\/alsbonaberi.org\/wp-content\/uploads\/2024\/06\/alevels-logo1-300x114.webp 300w, https:\/\/alsbonaberi.org\/wp-content\/uploads\/2024\/06\/alevels-logo1-1024x390.webp 1024w, https:\/\/alsbonaberi.org\/wp-content\/uploads\/2024\/06\/alevels-logo1.webp 1189w\" sizes=\"(max-width: 768px) 100vw, 768px\" \/><\/div>\t\t\t\t\t\t\t<div class=\"eae-tl-content\">\n\t\t\t\t\t\t\t\t<div class=\"eae-content-inner\">\n\t\t\t\t\t\t\t\t\t<div class=\"eae-tl-item-meta-wrapper-inner\">\n\t\t\t\t\t\t\t\t\t\t\t\t\t\t\t\t\t\t\t<\/div>\n\t\t\t\t\t\t\t\t\t<h3 class=\"eae-tl-item-title\">Niveaux avanc\u00e9s internationaux<\/h3><div class=\"eae-tl-content-innner\"><p>Cliquez sur le lien pour acc\u00e9der<\/p><\/div>\t\t\t\t\t\t\t\t<\/div>\n\t\t\t\t\t\t\t<\/div>\n\t\t\t\t\t\t<\/div>\n\t\t\t\t\t\t<\/a>\t\t\t\t<\/div>\n\n\t\t\t<\/div>\n\t\t\t\t\t\t<\/section>\n\n\t\t\t\t\t\t<\/div>\n\t\t\t\t<\/div>\n\t\t\t\t\t<\/div>\n\t\t<\/div>\n\t\t\t\t\t<\/div>\n\t\t<\/section>\n\t\t\t\t\t<\/div>\n\t\t<\/div>\n\t\t\t\t\t<\/div>\n\t\t<\/section>\n\t\t\t\t<section class=\"has_eae_slider elementor-section elementor-top-section elementor-element elementor-element-6840e62 elementor-section-boxed elementor-section-height-default elementor-section-height-default exad-glass-effect-no wpr-particle-no wpr-jarallax-no wpr-parallax-no wpr-sticky-section-no exad-sticky-section-no\" data-id=\"6840e62\" data-element_type=\"section\" data-settings=\"{&quot;_ha_eqh_enable&quot;:false}\">\n\t\t\t\t\t\t<div class=\"elementor-container elementor-column-gap-default\">\n\t\t\t\t\t<div class=\"has_eae_slider elementor-column elementor-col-100 elementor-top-column elementor-element elementor-element-1f3b633 exad-glass-effect-no exad-sticky-section-no\" data-id=\"1f3b633\" data-element_type=\"column\">\n\t\t\t<div class=\"elementor-widget-wrap elementor-element-populated\">\n\t\t\t\t\t\t<div class=\"elementor-element elementor-element-eb9fa6f exad-sticky-section-no exad-glass-effect-no elementor-widget elementor-widget-heading\" data-id=\"eb9fa6f\" data-element_type=\"widget\" data-widget_type=\"heading.default\">\n\t\t\t\t<div class=\"elementor-widget-container\">\n\t\t\t\t\t<h2 class=\"elementor-heading-title elementor-size-default\">Introduction \u00e0 l'intelligence artificielle<\/h2>\t\t\t\t<\/div>\n\t\t\t\t<\/div>\n\t\t\t\t<div class=\"elementor-element elementor-element-f08d33f exad-sticky-section-no exad-glass-effect-no elementor-widget elementor-widget-video\" data-id=\"f08d33f\" data-element_type=\"widget\" data-settings=\"{&quot;youtube_url&quot;:&quot;https:\\\/\\\/www.youtube.com\\\/watch?v=SSE4M0gcmvE&quot;,&quot;autoplay&quot;:&quot;yes&quot;,&quot;loop&quot;:&quot;yes&quot;,&quot;video_type&quot;:&quot;youtube&quot;,&quot;controls&quot;:&quot;yes&quot;}\" data-widget_type=\"video.default\">\n\t\t\t\t<div class=\"elementor-widget-container\">\n\t\t\t\t\t\t\t<div class=\"elementor-wrapper elementor-open-inline\">\n\t\t\t<div class=\"elementor-video\"><\/div>\t\t<\/div>\n\t\t\t\t\t\t<\/div>\n\t\t\t\t<\/div>\n\t\t\t\t\t<\/div>\n\t\t<\/div>\n\t\t\t\t\t<\/div>\n\t\t<\/section>\n\t\t\t\t<\/div>","protected":false},"excerpt":{"rendered":"<p>Our K-12 Curriculum covers ACE Leadership school offer a core K-12 international curriculum leading to an American High School Diploma or the Advanced Placement international Diploma. However in Grade 9 and 10 students prepare and write the International General Certificate of Secondary Education (IGCSE). Academically speaking, all learners are prepared to get admission into the most competitive universities in the world. Besides Academic Excellence, we also seek to instill in children cultural pride and leadership skills. All learners take Classical African Studies and Leadership Development courses.\u00a0 \u00a0 \u00a0 \u00a0 \u00a0 \u00a0 \u00a0 \u00a0\u00a0 \u00a0 PRIMARY SCHOOL COURSE LIST Click Here to Download MIDDLE AND HIGH SCHOOL COURSE LIST Click Here to Download IGCSE We work with schools worldwide to build an education that shapes knowledge. Click the link to access American High School Diploma requirements Click the link to download Advanced Placement International Diploma Click the link to access International Advanced Levels Click the link to access Introduction to Artificial Intelligence<\/p>","protected":false},"author":1,"featured_media":0,"parent":0,"menu_order":0,"comment_status":"closed","ping_status":"closed","template":"","meta":{"ocean_post_layout":"","ocean_both_sidebars_style":"","ocean_both_sidebars_content_width":0,"ocean_both_sidebars_sidebars_width":0,"ocean_sidebar":"","ocean_second_sidebar":"","ocean_disable_margins":"enable","ocean_add_body_class":"","ocean_shortcode_before_top_bar":"","ocean_shortcode_after_top_bar":"","ocean_shortcode_before_header":"","ocean_shortcode_after_header":"","ocean_has_shortcode":"","ocean_shortcode_after_title":"","ocean_shortcode_before_footer_widgets":"","ocean_shortcode_after_footer_widgets":"","ocean_shortcode_before_footer_bottom":"","ocean_shortcode_after_footer_bottom":"","ocean_display_top_bar":"default","ocean_display_header":"default","ocean_header_style":"","ocean_center_header_left_menu":"","ocean_custom_header_template":"","ocean_custom_logo":0,"ocean_custom_retina_logo":0,"ocean_custom_logo_max_width":0,"ocean_custom_logo_tablet_max_width":0,"ocean_custom_logo_mobile_max_width":0,"ocean_custom_logo_max_height":0,"ocean_custom_logo_tablet_max_height":0,"ocean_custom_logo_mobile_max_height":0,"ocean_header_custom_menu":"","ocean_menu_typo_font_family":"","ocean_menu_typo_font_subset":"","ocean_menu_typo_font_size":0,"ocean_menu_typo_font_size_tablet":0,"ocean_menu_typo_font_size_mobile":0,"ocean_menu_typo_font_size_unit":"px","ocean_menu_typo_font_weight":"","ocean_menu_typo_font_weight_tablet":"","ocean_menu_typo_font_weight_mobile":"","ocean_menu_typo_transform":"","ocean_menu_typo_transform_tablet":"","ocean_menu_typo_transform_mobile":"","ocean_menu_typo_line_height":0,"ocean_menu_typo_line_height_tablet":0,"ocean_menu_typo_line_height_mobile":0,"ocean_menu_typo_line_height_unit":"","ocean_menu_typo_spacing":0,"ocean_menu_typo_spacing_tablet":0,"ocean_menu_typo_spacing_mobile":0,"ocean_menu_typo_spacing_unit":"","ocean_menu_link_color":"","ocean_menu_link_color_hover":"","ocean_menu_link_color_active":"","ocean_menu_link_background":"","ocean_menu_link_hover_background":"","ocean_menu_link_active_background":"","ocean_menu_social_links_bg":"","ocean_menu_social_hover_links_bg":"","ocean_menu_social_links_color":"","ocean_menu_social_hover_links_color":"","ocean_disable_title":"default","ocean_disable_heading":"default","ocean_post_title":"","ocean_post_subheading":"","ocean_post_title_style":"","ocean_post_title_background_color":"","ocean_post_title_background":0,"ocean_post_title_bg_image_position":"","ocean_post_title_bg_image_attachment":"","ocean_post_title_bg_image_repeat":"","ocean_post_title_bg_image_size":"","ocean_post_title_height":0,"ocean_post_title_bg_overlay":0.5,"ocean_post_title_bg_overlay_color":"","ocean_disable_breadcrumbs":"default","ocean_breadcrumbs_color":"","ocean_breadcrumbs_separator_color":"","ocean_breadcrumbs_links_color":"","ocean_breadcrumbs_links_hover_color":"","ocean_display_footer_widgets":"default","ocean_display_footer_bottom":"default","ocean_custom_footer_template":"","footnotes":""},"class_list":["post-36","page","type-page","status-publish","hentry","entry"],"aioseo_notices":[],"_links":{"self":[{"href":"https:\/\/alsbonaberi.org\/fr\/wp-json\/wp\/v2\/pages\/36","targetHints":{"allow":["GET"]}}],"collection":[{"href":"https:\/\/alsbonaberi.org\/fr\/wp-json\/wp\/v2\/pages"}],"about":[{"href":"https:\/\/alsbonaberi.org\/fr\/wp-json\/wp\/v2\/types\/page"}],"author":[{"embeddable":true,"href":"https:\/\/alsbonaberi.org\/fr\/wp-json\/wp\/v2\/users\/1"}],"replies":[{"embeddable":true,"href":"https:\/\/alsbonaberi.org\/fr\/wp-json\/wp\/v2\/comments?post=36"}],"version-history":[{"count":114,"href":"https:\/\/alsbonaberi.org\/fr\/wp-json\/wp\/v2\/pages\/36\/revisions"}],"predecessor-version":[{"id":3326,"href":"https:\/\/alsbonaberi.org\/fr\/wp-json\/wp\/v2\/pages\/36\/revisions\/3326"}],"wp:attachment":[{"href":"https:\/\/alsbonaberi.org\/fr\/wp-json\/wp\/v2\/media?parent=36"}],"curies":[{"name":"wp","href":"https:\/\/api.w.org\/{rel}","templated":true}]}}